{"id":9122,"date":"2025-01-29T17:25:53","date_gmt":"2025-01-29T16:25:53","guid":{"rendered":"https:\/\/cobarspa.it\/?page_id=9122"},"modified":"2026-01-21T16:57:28","modified_gmt":"2026-01-21T15:57:28","slug":"bilancio-di-sostenibilita","status":"publish","type":"page","link":"https:\/\/cobarspa.it\/en\/bilancio-di-sostenibilita\/","title":{"rendered":"Report di Sostenibilit\u00e0"},"content":{"rendered":"\n<p>Cari Stakeholder,<\/p>\n\n\n\n<p><br>Siamo lieti di presentarvi la seconda edizione del Bilancio di Sostenibilit\u00e0 di Costruzioni Barozzi S.p.A. Questo documento riassume le attivit\u00e0 svolte nel corso dell\u2019anno 2024 e sintetizza anche il nostro impegno verso le tematiche di sostenibilit\u00e0, che orientano la nostra operativit\u00e0 quotidiana.<\/p>\n\n\n\n<p>Da quasi 40 anni, la nostra societ\u00e0 si distingue nel settore edilizio, realizzando complessi residenziali, infrastrutture e restauri di opere pubbliche e private. Il nostro obiettivo \u00e8 sempre stato quello di promuovere e valorizzare il territorio italiano, contribuendo a creare spazi che non solo soddisfano le esigenze abitative, ma che rispettano anche l\u2019ambiente e le comunit\u00e0 in cui operiamo.<\/p>\n\n\n\n<p>Nel corso del 2024 Cobar ha continuato il processo volto ad integrare i principi di sostenibilit\u00e0 nella gestione del business. Siamo convinti che l\u2019adozione di standard elevati in ambito ambientale, sociale e di governance non solo migliori la qualit\u00e0 dei prodotti e servizi, ma crei anche opportunit\u00e0 di innovazione e valore per tutti i nostri stakeholder.<\/p>\n\n\n\n<p>Sono state avviate azioni concrete per migliorare e salvaguardare l\u2019ambiente, riducendo gli impatti ambientali attraverso una gestione sempre pi\u00f9 attenta e sicura dei cantieri, attivi su tutto il territorio nazionale. Inoltre, stiamo investendo risorse significative per promuovere il benessere sociale e migliorare l\u2019ambiente di lavoro, creando iniziative che favoriscano una cultura aziendale positiva e inclusiva.<\/p>\n\n\n\n<p>Queste conferme rappresentano una base solida per il nostro futuro e siamo determinati a continuare a potenziare le nostre iniziative di sostenibilit\u00e0, esplorando le ampie opportunit\u00e0 che questo ambito offre.<\/p>\n\n\n\n<p>Desideriamo esprimere la nostra sincera gratitudine per la vostra fiducia e la vostra collaborazione. Il vostro supporto \u00e8 fondamentale per aiutarci a raggiungere traguardi sempre pi\u00f9 ambiziosi, contribuendo a costruire un futuro migliore per tutti.<\/p>\n\n\n\n<p><br>Buona lettura,<\/p>\n\n\n\n<p class=\"has-text-align-right\"><strong>Barozzi Vito Matteo<\/strong> \u2013 Il Fondatore<br><strong>Dott. Raffaele Fiore<\/strong> &#8211; L\u2019Amministratore Delegato<\/p>\n\n\n\n<p><\/p>\n\n\n\n<p><\/p>\n\n\n\n<p><\/p>\n","protected":false},"excerpt":{"rendered":"<p>Cari Stakeholder, Siamo lieti di presentarvi la seconda edizione del Bilancio di Sostenibilit\u00e0 di Costruzioni Barozzi S.p.A. Questo documento riassume le attivit\u00e0 svolte nel corso dell\u2019anno 2024 e sintetizza anche il nostro impegno verso le tematiche di sostenibilit\u00e0, che orientano la nostra operativit\u00e0 quotidiana. Da quasi 40 anni, la nostra societ\u00e0 si distingue nel settore [&hellip;]<\/p>\n","protected":false},"author":10,"featured_media":8714,"parent":0,"menu_order":0,"comment_status":"closed","ping_status":"closed","template":"pageBilanci.php","meta":{"_acf_changed":false,"footnotes":""},"class_list":["post-9122","page","type-page","status-publish","has-post-thumbnail","hentry"],"acf":[],"yoast_head":"<!-- This site is optimized with the Yoast SEO Premium plugin v26.2 (Yoast SEO v27.3) - https:\/\/yoast.com\/product\/yoast-seo-premium-wordpress\/ -->\n<title>Report di Sostenibilit\u00e0 - Cobar<\/title>\n<meta name=\"robots\" content=\"index, follow, max-snippet:-1, max-image-preview:large, max-video-preview:-1\" \/>\n<link rel=\"canonical\" href=\"https:\/\/cobarspa.it\/bilancio-di-sostenibilita\/\" \/>\n<meta property=\"og:locale\" content=\"en_US\" \/>\n<meta property=\"og:type\" content=\"article\" \/>\n<meta property=\"og:title\" content=\"Report di Sostenibilit\u00e0\" \/>\n<meta property=\"og:description\" content=\"Cari Stakeholder, Siamo lieti di presentarvi la seconda edizione del Bilancio di Sostenibilit\u00e0 di Costruzioni Barozzi S.p.A. Questo documento riassume le attivit\u00e0 svolte nel corso dell\u2019anno 2024 e sintetizza anche il nostro impegno verso le tematiche di sostenibilit\u00e0, che orientano la nostra operativit\u00e0 quotidiana. Da quasi 40 anni, la nostra societ\u00e0 si distingue nel settore [&hellip;]\" \/>\n<meta property=\"og:url\" content=\"https:\/\/cobarspa.it\/bilancio-di-sostenibilita\/\" \/>\n<meta property=\"og:site_name\" content=\"Cobar\" \/>\n<meta property=\"article:publisher\" content=\"https:\/\/www.facebook.com\/Cobar-Spa-126920242042031\" \/>\n<meta property=\"article:modified_time\" content=\"2026-01-21T15:57:28+00:00\" \/>\n<meta property=\"og:image\" content=\"https:\/\/cobarspa.it\/wp-content\/uploads\/2024\/08\/Flyer-A5_orizzontale_page-0001-e1732809305268.jpg\" \/>\n\t<meta property=\"og:image:width\" content=\"1240\" \/>\n\t<meta property=\"og:image:height\" content=\"690\" \/>\n\t<meta property=\"og:image:type\" content=\"image\/jpeg\" \/>\n<meta name=\"twitter:card\" content=\"summary_large_image\" \/>\n<meta name=\"twitter:label1\" content=\"Est. reading time\" \/>\n\t<meta name=\"twitter:data1\" content=\"2 minutes\" \/>\n<script type=\"application\/ld+json\" class=\"yoast-schema-graph\">{\"@context\":\"https:\\\/\\\/schema.org\",\"@graph\":[{\"@type\":\"WebPage\",\"@id\":\"https:\\\/\\\/cobarspa.it\\\/bilancio-di-sostenibilita\\\/\",\"url\":\"https:\\\/\\\/cobarspa.it\\\/bilancio-di-sostenibilita\\\/\",\"name\":\"Report di Sostenibilit\u00e0 - Cobar\",\"isPartOf\":{\"@id\":\"https:\\\/\\\/cobarspa.it\\\/#website\"},\"primaryImageOfPage\":{\"@id\":\"https:\\\/\\\/cobarspa.it\\\/bilancio-di-sostenibilita\\\/#primaryimage\"},\"image\":{\"@id\":\"https:\\\/\\\/cobarspa.it\\\/bilancio-di-sostenibilita\\\/#primaryimage\"},\"thumbnailUrl\":\"https:\\\/\\\/cobarspa.it\\\/wp-content\\\/uploads\\\/2024\\\/08\\\/Flyer-A5_orizzontale_page-0001-e1732809305268.jpg\",\"datePublished\":\"2025-01-29T16:25:53+00:00\",\"dateModified\":\"2026-01-21T15:57:28+00:00\",\"breadcrumb\":{\"@id\":\"https:\\\/\\\/cobarspa.it\\\/bilancio-di-sostenibilita\\\/#breadcrumb\"},\"inLanguage\":\"en-US\",\"potentialAction\":[{\"@type\":\"ReadAction\",\"target\":[\"https:\\\/\\\/cobarspa.it\\\/bilancio-di-sostenibilita\\\/\"]}]},{\"@type\":\"ImageObject\",\"inLanguage\":\"en-US\",\"@id\":\"https:\\\/\\\/cobarspa.it\\\/bilancio-di-sostenibilita\\\/#primaryimage\",\"url\":\"https:\\\/\\\/cobarspa.it\\\/wp-content\\\/uploads\\\/2024\\\/08\\\/Flyer-A5_orizzontale_page-0001-e1732809305268.jpg\",\"contentUrl\":\"https:\\\/\\\/cobarspa.it\\\/wp-content\\\/uploads\\\/2024\\\/08\\\/Flyer-A5_orizzontale_page-0001-e1732809305268.jpg\",\"width\":1240,\"height\":690},{\"@type\":\"BreadcrumbList\",\"@id\":\"https:\\\/\\\/cobarspa.it\\\/bilancio-di-sostenibilita\\\/#breadcrumb\",\"itemListElement\":[{\"@type\":\"ListItem\",\"position\":1,\"name\":\"Home\",\"item\":\"https:\\\/\\\/cobarspa.it\\\/en\\\/homepage\\\/\"},{\"@type\":\"ListItem\",\"position\":2,\"name\":\"Report di Sostenibilit\u00e0\"}]},{\"@type\":\"WebSite\",\"@id\":\"https:\\\/\\\/cobarspa.it\\\/#website\",\"url\":\"https:\\\/\\\/cobarspa.it\\\/\",\"name\":\"Cobar\",\"description\":\"Un nuovo sito targato WordPress\",\"potentialAction\":[{\"@type\":\"SearchAction\",\"target\":{\"@type\":\"EntryPoint\",\"urlTemplate\":\"https:\\\/\\\/cobarspa.it\\\/?s={search_term_string}\"},\"query-input\":{\"@type\":\"PropertyValueSpecification\",\"valueRequired\":true,\"valueName\":\"search_term_string\"}}],\"inLanguage\":\"en-US\"}]}<\/script>\n<!-- \/ Yoast SEO Premium plugin. -->","yoast_head_json":{"title":"Report di Sostenibilit\u00e0 - Cobar","robots":{"index":"index","follow":"follow","max-snippet":"max-snippet:-1","max-image-preview":"max-image-preview:large","max-video-preview":"max-video-preview:-1"},"canonical":"https:\/\/cobarspa.it\/bilancio-di-sostenibilita\/","og_locale":"en_US","og_type":"article","og_title":"Report di Sostenibilit\u00e0","og_description":"Cari Stakeholder, Siamo lieti di presentarvi la seconda edizione del Bilancio di Sostenibilit\u00e0 di Costruzioni Barozzi S.p.A. Questo documento riassume le attivit\u00e0 svolte nel corso dell\u2019anno 2024 e sintetizza anche il nostro impegno verso le tematiche di sostenibilit\u00e0, che orientano la nostra operativit\u00e0 quotidiana. Da quasi 40 anni, la nostra societ\u00e0 si distingue nel settore [&hellip;]","og_url":"https:\/\/cobarspa.it\/bilancio-di-sostenibilita\/","og_site_name":"Cobar","article_publisher":"https:\/\/www.facebook.com\/Cobar-Spa-126920242042031","article_modified_time":"2026-01-21T15:57:28+00:00","og_image":[{"width":1240,"height":690,"url":"https:\/\/cobarspa.it\/wp-content\/uploads\/2024\/08\/Flyer-A5_orizzontale_page-0001-e1732809305268.jpg","type":"image\/jpeg"}],"twitter_card":"summary_large_image","twitter_misc":{"Est. reading time":"2 minutes"},"schema":{"@context":"https:\/\/schema.org","@graph":[{"@type":"WebPage","@id":"https:\/\/cobarspa.it\/bilancio-di-sostenibilita\/","url":"https:\/\/cobarspa.it\/bilancio-di-sostenibilita\/","name":"Report di Sostenibilit\u00e0 - Cobar","isPartOf":{"@id":"https:\/\/cobarspa.it\/#website"},"primaryImageOfPage":{"@id":"https:\/\/cobarspa.it\/bilancio-di-sostenibilita\/#primaryimage"},"image":{"@id":"https:\/\/cobarspa.it\/bilancio-di-sostenibilita\/#primaryimage"},"thumbnailUrl":"https:\/\/cobarspa.it\/wp-content\/uploads\/2024\/08\/Flyer-A5_orizzontale_page-0001-e1732809305268.jpg","datePublished":"2025-01-29T16:25:53+00:00","dateModified":"2026-01-21T15:57:28+00:00","breadcrumb":{"@id":"https:\/\/cobarspa.it\/bilancio-di-sostenibilita\/#breadcrumb"},"inLanguage":"en-US","potentialAction":[{"@type":"ReadAction","target":["https:\/\/cobarspa.it\/bilancio-di-sostenibilita\/"]}]},{"@type":"ImageObject","inLanguage":"en-US","@id":"https:\/\/cobarspa.it\/bilancio-di-sostenibilita\/#primaryimage","url":"https:\/\/cobarspa.it\/wp-content\/uploads\/2024\/08\/Flyer-A5_orizzontale_page-0001-e1732809305268.jpg","contentUrl":"https:\/\/cobarspa.it\/wp-content\/uploads\/2024\/08\/Flyer-A5_orizzontale_page-0001-e1732809305268.jpg","width":1240,"height":690},{"@type":"BreadcrumbList","@id":"https:\/\/cobarspa.it\/bilancio-di-sostenibilita\/#breadcrumb","itemListElement":[{"@type":"ListItem","position":1,"name":"Home","item":"https:\/\/cobarspa.it\/en\/homepage\/"},{"@type":"ListItem","position":2,"name":"Report di Sostenibilit\u00e0"}]},{"@type":"WebSite","@id":"https:\/\/cobarspa.it\/#website","url":"https:\/\/cobarspa.it\/","name":"Cobar","description":"Un nuovo sito targato WordPress","potentialAction":[{"@type":"SearchAction","target":{"@type":"EntryPoint","urlTemplate":"https:\/\/cobarspa.it\/?s={search_term_string}"},"query-input":{"@type":"PropertyValueSpecification","valueRequired":true,"valueName":"search_term_string"}}],"inLanguage":"en-US"}]}},"_links":{"self":[{"href":"https:\/\/cobarspa.it\/en\/wp-json\/wp\/v2\/pages\/9122","targetHints":{"allow":["GET"]}}],"collection":[{"href":"https:\/\/cobarspa.it\/en\/wp-json\/wp\/v2\/pages"}],"about":[{"href":"https:\/\/cobarspa.it\/en\/wp-json\/wp\/v2\/types\/page"}],"author":[{"embeddable":true,"href":"https:\/\/cobarspa.it\/en\/wp-json\/wp\/v2\/users\/10"}],"replies":[{"embeddable":true,"href":"https:\/\/cobarspa.it\/en\/wp-json\/wp\/v2\/comments?post=9122"}],"version-history":[{"count":9,"href":"https:\/\/cobarspa.it\/en\/wp-json\/wp\/v2\/pages\/9122\/revisions"}],"predecessor-version":[{"id":9770,"href":"https:\/\/cobarspa.it\/en\/wp-json\/wp\/v2\/pages\/9122\/revisions\/9770"}],"wp:featuredmedia":[{"embeddable":true,"href":"https:\/\/cobarspa.it\/en\/wp-json\/wp\/v2\/media\/8714"}],"wp:attachment":[{"href":"https:\/\/cobarspa.it\/en\/wp-json\/wp\/v2\/media?parent=9122"}],"curies":[{"name":"wp","href":"https:\/\/api.w.org\/{rel}","templated":true}]}}